{"id":116,"date":"2011-06-02T05:58:02","date_gmt":"2011-06-02T05:58:02","guid":{"rendered":"http:\/\/www.waveproducciones.com\/?page_id=116"},"modified":"2025-02-11T03:46:25","modified_gmt":"2025-02-11T03:46:25","slug":"circuito-cerrado","status":"publish","type":"page","link":"https:\/\/waveproducciones.com\/?page_id=116","title":{"rendered":"Circuito Cerrado"},"content":{"rendered":"<p><span style=\"font-size: 9pt; font-family: Verdana;\"><a href=\"http:\/\/www.waveproducciones.com\/wp-content\/uploads\/2019\/11\/tipos-de-cctv-hikvision.jpg\"><img decoding=\"async\" src=\"https:\/\/www.digittecnic.com\/wp-content\/uploads\/2018\/05\/cam.jpg\" alt=\"Ventajas y desventajas de una c\u00e1mara IP y CCTV - Digittecnic - Seguridad y  Vigilancia\"><\/a><br \/>\n<\/span><\/p>\n<h2 data-start=\"151\" data-end=\"185\"><strong data-start=\"154\" data-end=\"183\">CCTV y Videovigilancia<\/strong><\/h2>\n<p data-start=\"186\" data-end=\"249\"><strong data-start=\"186\" data-end=\"247\">Soluciones avanzadas en seguridad para hogares y empresas<\/strong><\/p>\n<p data-start=\"251\" data-end=\"587\">Contamos con amplia experiencia en la instalaci\u00f3n, configuraci\u00f3n y mantenimiento de sistemas de videovigilancia para <strong data-start=\"368\" data-end=\"438\">residencias, comercios, industrias y empresas de todos los tama\u00f1os<\/strong>. Nuestro objetivo es brindarle <strong data-start=\"470\" data-end=\"507\">seguridad, control y tranquilidad<\/strong>, asegurando que su infraestructura de monitoreo funcione de manera eficiente.<\/p>\n<p data-start=\"589\" data-end=\"1380\">\ud83d\udd38 Instalaci\u00f3n y configuraci\u00f3n de <strong data-start=\"623\" data-end=\"661\">c\u00e1maras de seguridad IP y an\u00e1logas<\/strong>, adaptadas a las necesidades espec\u00edficas de cada cliente.<br data-start=\"719\" data-end=\"722\">\ud83d\udd38 Implementaci\u00f3n de <strong data-start=\"743\" data-end=\"758\">NVRs y DVRs<\/strong> con sistemas de grabaci\u00f3n y almacenamiento optimizados para garantizar la mejor calidad de imagen y acceso a grabaciones.<br data-start=\"880\" data-end=\"883\">\ud83d\udd38 Integraci\u00f3n de videovigilancia con <strong data-start=\"921\" data-end=\"964\">sistemas de control de acceso y alarmas<\/strong> para una seguridad completa.<br data-start=\"993\" data-end=\"996\">\ud83d\udd38 Configuraci\u00f3n de acceso remoto a c\u00e1maras desde dispositivos m\u00f3viles y computadoras, asegurando un monitoreo constante <strong data-start=\"1117\" data-end=\"1125\">24\/7<\/strong>.<br data-start=\"1126\" data-end=\"1129\">\ud83d\udd38 An\u00e1lisis de puntos cr\u00edticos y asesoramiento sobre la mejor disposici\u00f3n de c\u00e1maras para maximizar la cobertura y minimizar puntos ciegos.<br data-start=\"1268\" data-end=\"1271\">\ud83d\udd38 Mantenimiento preventivo y correctivo de equipos para optimizar su rendimiento y prolongar su vida \u00fatil.<\/p>\n<p data-start=\"1382\" data-end=\"1567\">Adem\u00e1s, aplicamos t\u00e9cnicas avanzadas de <strong data-start=\"1422\" data-end=\"1468\">ciberseguridad en redes de videovigilancia<\/strong>, asegurando que las c\u00e1maras y sistemas de almacenamiento no sean vulnerables a ataques externos.<\/p>\n<p data-start=\"1569\" data-end=\"1729\"><strong data-start=\"1569\" data-end=\"1727\">\u00a1No deje su seguridad en manos inexpertas! Nosotros le ofrecemos soluciones confiables, adaptadas a sus necesidades y con tecnolog\u00eda de \u00faltima generaci\u00f3n.<\/strong><\/p>\n<p><span style=\"font-size: 9pt; font-family: Verdana;\">&nbsp;<\/span><\/p>\n<p align=\"left\">&nbsp;<\/p>\n","protected":false},"excerpt":{"rendered":"<p>CCTV y Videovigilancia Soluciones avanzadas en seguridad para hogares y empresas Contamos con amplia experiencia en la instalaci\u00f3n, configuraci\u00f3n y mantenimiento de sistemas de videovigilancia para residencias, comercios, industrias y empresas de todos los tama\u00f1os. Nuestro objetivo es brindarle seguridad, [&hellip;]<\/p>\n","protected":false},"author":1,"featured_media":0,"parent":0,"menu_order":0,"comment_status":"closed","ping_status":"closed","template":"","meta":{"ngg_post_thumbnail":0,"footnotes":""},"class_list":["post-116","page","type-page","status-publish","hentry","clearfix"],"_links":{"self":[{"href":"https:\/\/waveproducciones.com\/index.php?rest_route=\/wp\/v2\/pages\/116","targetHints":{"allow":["GET"]}}],"collection":[{"href":"https:\/\/waveproducciones.com\/index.php?rest_route=\/wp\/v2\/pages"}],"about":[{"href":"https:\/\/waveproducciones.com\/index.php?rest_route=\/wp\/v2\/types\/page"}],"author":[{"embeddable":true,"href":"https:\/\/waveproducciones.com\/index.php?rest_route=\/wp\/v2\/users\/1"}],"replies":[{"embeddable":true,"href":"https:\/\/waveproducciones.com\/index.php?rest_route=%2Fwp%2Fv2%2Fcomments&post=116"}],"version-history":[{"count":5,"href":"https:\/\/waveproducciones.com\/index.php?rest_route=\/wp\/v2\/pages\/116\/revisions"}],"predecessor-version":[{"id":300,"href":"https:\/\/waveproducciones.com\/index.php?rest_route=\/wp\/v2\/pages\/116\/revisions\/300"}],"wp:attachment":[{"href":"https:\/\/waveproducciones.com\/index.php?rest_route=%2Fwp%2Fv2%2Fmedia&parent=116"}],"curies":[{"name":"wp","href":"https:\/\/api.w.org\/{rel}","templated":true}]}}