{"id":293,"date":"2025-02-11T03:31:25","date_gmt":"2025-02-11T03:31:25","guid":{"rendered":"https:\/\/waveproducciones.com\/?page_id=293"},"modified":"2025-02-11T03:31:26","modified_gmt":"2025-02-11T03:31:26","slug":"virtualizacion","status":"publish","type":"page","link":"https:\/\/waveproducciones.com\/?page_id=293","title":{"rendered":"Virtualizaci\u00f3n"},"content":{"rendered":"<p>&nbsp;<\/p>\n<h1 data-start=\"167\" data-end=\"224\"><strong data-start=\"169\" data-end=\"219\">Soluciones de Virtualizaci\u00f3n y Cloud Computing<\/strong>&nbsp;<\/h1>\n<p data-start=\"226\" data-end=\"421\">En <em data-start=\"229\" data-end=\"248\">Wave Producciones<\/em>, somos expertos en <strong data-start=\"268\" data-end=\"300\">virtualizaci\u00f3n de servidores<\/strong> y soluciones de <strong data-start=\"317\" data-end=\"336\">Cloud Computing<\/strong> dise\u00f1adas para mejorar la eficiencia y reducir costos en tu infraestructura de TI.<\/p>\n<h2 data-start=\"423\" data-end=\"472\"><strong data-start=\"426\" data-end=\"470\">\u00bfPor qu\u00e9 Virtualizar tu Infraestructura?<\/strong><\/h2>\n<p data-start=\"473\" data-end=\"827\">\u2705 <strong data-start=\"475\" data-end=\"504\">Optimizaci\u00f3n de recursos:<\/strong> Reduce el n\u00famero de servidores f\u00edsicos y mejora el rendimiento.<br data-start=\"568\" data-end=\"571\">\u2705 <strong data-start=\"573\" data-end=\"597\">Alta disponibilidad:<\/strong> Mant\u00e9n tus sistemas funcionando sin interrupciones.<br data-start=\"649\" data-end=\"652\">\u2705 <strong data-start=\"654\" data-end=\"672\">Escalabilidad:<\/strong> Adapta tu infraestructura seg\u00fan las necesidades de tu negocio.<br data-start=\"735\" data-end=\"738\">\u2705 <strong data-start=\"740\" data-end=\"764\">Reducci\u00f3n de costos:<\/strong> Menos hardware, menor consumo energ\u00e9tico y mayor eficiencia.<\/p>\n<h2 data-start=\"829\" data-end=\"874\"><strong data-start=\"832\" data-end=\"872\">Nuestros Servicios de Virtualizaci\u00f3n<\/strong><\/h2>\n<p data-start=\"875\" data-end=\"1217\">\ud83d\udd39 <strong data-start=\"878\" data-end=\"925\">Migraci\u00f3n de Servidores F\u00edsicos a Virtuales<\/strong> (P2V)<br data-start=\"931\" data-end=\"934\">\ud83d\udd39 <strong data-start=\"937\" data-end=\"991\">Implementaci\u00f3n y gesti\u00f3n de entornos virtualizados<\/strong> con VMware, Proxmox, Hyper-V y OpenStack<br data-start=\"1032\" data-end=\"1035\">\ud83d\udd39 <strong data-start=\"1038\" data-end=\"1068\">Infraestructura en la Nube<\/strong> con AWS, Google Cloud y Azure<br data-start=\"1098\" data-end=\"1101\">\ud83d\udd39 <strong data-start=\"1104\" data-end=\"1164\">Configuraci\u00f3n de redes y seguridad en entornos virtuales<\/strong><br data-start=\"1164\" data-end=\"1167\">\ud83d\udd39 <strong data-start=\"1170\" data-end=\"1215\">Consultor\u00eda y optimizaci\u00f3n de rendimiento<\/strong><\/p>\n<h2 data-start=\"1219\" data-end=\"1254\"><strong data-start=\"1222\" data-end=\"1252\">Tecnolog\u00edas que Utilizamos<\/strong><\/h2>\n<p data-start=\"1255\" data-end=\"1446\">\ud83d\udcbb <strong data-start=\"1258\" data-end=\"1310\">VMware ESXi, Proxmox VE, Hyper-V, KVM, OpenStack<\/strong><br data-start=\"1310\" data-end=\"1313\">\ud83d\udd17 Integraci\u00f3n con sistemas de almacenamiento NAS y SAN<br data-start=\"1368\" data-end=\"1371\">\ud83d\udd10 Seguridad avanzada con firewalls virtualizados y segmentaci\u00f3n de redes<\/p>\n","protected":false},"excerpt":{"rendered":"<p>&nbsp; Soluciones de Virtualizaci\u00f3n y Cloud Computing&nbsp; En Wave Producciones, somos expertos en virtualizaci\u00f3n de servidores y soluciones de Cloud Computing dise\u00f1adas para mejorar la eficiencia y reducir costos en tu infraestructura de TI. \u00bfPor qu\u00e9 Virtualizar tu Infraestructura? \u2705 [&hellip;]<\/p>\n","protected":false},"author":1,"featured_media":0,"parent":0,"menu_order":0,"comment_status":"closed","ping_status":"closed","template":"","meta":{"ngg_post_thumbnail":0,"footnotes":""},"class_list":["post-293","page","type-page","status-publish","hentry","clearfix"],"_links":{"self":[{"href":"https:\/\/waveproducciones.com\/index.php?rest_route=\/wp\/v2\/pages\/293","targetHints":{"allow":["GET"]}}],"collection":[{"href":"https:\/\/waveproducciones.com\/index.php?rest_route=\/wp\/v2\/pages"}],"about":[{"href":"https:\/\/waveproducciones.com\/index.php?rest_route=\/wp\/v2\/types\/page"}],"author":[{"embeddable":true,"href":"https:\/\/waveproducciones.com\/index.php?rest_route=\/wp\/v2\/users\/1"}],"replies":[{"embeddable":true,"href":"https:\/\/waveproducciones.com\/index.php?rest_route=%2Fwp%2Fv2%2Fcomments&post=293"}],"version-history":[{"count":2,"href":"https:\/\/waveproducciones.com\/index.php?rest_route=\/wp\/v2\/pages\/293\/revisions"}],"predecessor-version":[{"id":295,"href":"https:\/\/waveproducciones.com\/index.php?rest_route=\/wp\/v2\/pages\/293\/revisions\/295"}],"wp:attachment":[{"href":"https:\/\/waveproducciones.com\/index.php?rest_route=%2Fwp%2Fv2%2Fmedia&parent=293"}],"curies":[{"name":"wp","href":"https:\/\/api.w.org\/{rel}","templated":true}]}}