{"id":302,"date":"2025-02-11T03:48:21","date_gmt":"2025-02-11T03:48:21","guid":{"rendered":"https:\/\/waveproducciones.com\/?page_id=302"},"modified":"2025-02-11T03:48:23","modified_gmt":"2025-02-11T03:48:23","slug":"desarrollo-web-y-comercio-electronico","status":"publish","type":"page","link":"https:\/\/waveproducciones.com\/?page_id=302","title":{"rendered":"Desarrollo Web y Comercio Electr\u00f3nico"},"content":{"rendered":"<p data-start=\"1786\" data-end=\"1852\"><strong data-start=\"1786\" data-end=\"1850\">Creaci\u00f3n de plataformas digitales profesionales y escalables<\/strong><\/p>\n<p data-start=\"1854\" data-end=\"2116\">En la era digital, la presencia en l\u00ednea es clave para el \u00e9xito de cualquier negocio. Ofrecemos <strong data-start=\"1950\" data-end=\"2020\">desarrollo web y soluciones de comercio electr\u00f3nico personalizadas<\/strong>, asegurando un dise\u00f1o moderno, una experiencia de usuario \u00f3ptima y funcionalidades avanzadas.<\/p>\n<p data-start=\"2118\" data-end=\"2965\">\ud83d\udd38 Dise\u00f1o y desarrollo de p\u00e1ginas web utilizando <strong data-start=\"2167\" data-end=\"2212\">WordPress, Laravel y tecnolog\u00edas modernas<\/strong>, adaptadas a empresas, emprendedores y organizaciones.<br data-start=\"2267\" data-end=\"2270\">\ud83d\udd38 Implementaci\u00f3n de <strong data-start=\"2291\" data-end=\"2337\">tiendas en l\u00ednea con WooCommerce y Shopify<\/strong>, configurando sistemas de pago seguros y eficientes.<br data-start=\"2390\" data-end=\"2393\">\ud83d\udd38 Integraci\u00f3n de <strong data-start=\"2411\" data-end=\"2490\">pasarelas de pago como PayPal, Stripe, Mercado Pago y otros m\u00e9todos locales<\/strong>.<br data-start=\"2491\" data-end=\"2494\">\ud83d\udd38 Optimizaci\u00f3n SEO para mejorar el posicionamiento en <strong data-start=\"2549\" data-end=\"2587\">Google y otros motores de b\u00fasqueda<\/strong>, atrayendo m\u00e1s clientes de forma org\u00e1nica.<br data-start=\"2630\" data-end=\"2633\">\ud83d\udd38 Desarrollo de sistemas personalizados para automatizaci\u00f3n de procesos internos y gesti\u00f3n de clientes.<br data-start=\"2737\" data-end=\"2740\">\ud83d\udd38 Configuraci\u00f3n de herramientas de an\u00e1lisis de datos y remarketing para potenciar las ventas online.<br data-start=\"2841\" data-end=\"2844\">\ud83d\udd38 Mantenimiento y actualizaci\u00f3n de sitios web, garantizando su seguridad y compatibilidad con las \u00faltimas tecnolog\u00edas.<\/p>\n<p data-start=\"2967\" data-end=\"3178\">Nuestra experiencia en <strong data-start=\"2990\" data-end=\"3016\">ciberseguridad y redes<\/strong> nos permite desarrollar sitios web con altos est\u00e1ndares de protecci\u00f3n, evitando vulnerabilidades y garantizando la seguridad de los datos de nuestros clientes.<\/p>\n<p data-start=\"3180\" data-end=\"3256\"><strong data-start=\"3180\" data-end=\"3254\">\u00a1Potencie su negocio con una presencia digital profesional y efectiva!<\/strong><\/p>\n<p><span style=\"font-size: 9pt; font-family: Verdana;\">&nbsp;<\/span><\/p>\n<p align=\"left\">&nbsp;<\/p>\n","protected":false},"excerpt":{"rendered":"<p>Creaci\u00f3n de plataformas digitales profesionales y escalables En la era digital, la presencia en l\u00ednea es clave para el \u00e9xito de cualquier negocio. Ofrecemos desarrollo web y soluciones de comercio electr\u00f3nico personalizadas, asegurando un dise\u00f1o moderno, una experiencia de usuario [&hellip;]<\/p>\n","protected":false},"author":1,"featured_media":0,"parent":0,"menu_order":0,"comment_status":"closed","ping_status":"closed","template":"","meta":{"ngg_post_thumbnail":0,"footnotes":""},"class_list":["post-302","page","type-page","status-publish","hentry","clearfix"],"_links":{"self":[{"href":"https:\/\/waveproducciones.com\/index.php?rest_route=\/wp\/v2\/pages\/302","targetHints":{"allow":["GET"]}}],"collection":[{"href":"https:\/\/waveproducciones.com\/index.php?rest_route=\/wp\/v2\/pages"}],"about":[{"href":"https:\/\/waveproducciones.com\/index.php?rest_route=\/wp\/v2\/types\/page"}],"author":[{"embeddable":true,"href":"https:\/\/waveproducciones.com\/index.php?rest_route=\/wp\/v2\/users\/1"}],"replies":[{"embeddable":true,"href":"https:\/\/waveproducciones.com\/index.php?rest_route=%2Fwp%2Fv2%2Fcomments&post=302"}],"version-history":[{"count":1,"href":"https:\/\/waveproducciones.com\/index.php?rest_route=\/wp\/v2\/pages\/302\/revisions"}],"predecessor-version":[{"id":303,"href":"https:\/\/waveproducciones.com\/index.php?rest_route=\/wp\/v2\/pages\/302\/revisions\/303"}],"wp:attachment":[{"href":"https:\/\/waveproducciones.com\/index.php?rest_route=%2Fwp%2Fv2%2Fmedia&parent=302"}],"curies":[{"name":"wp","href":"https:\/\/api.w.org\/{rel}","templated":true}]}}