{"id":65,"date":"2011-03-24T22:35:36","date_gmt":"2011-03-24T22:35:36","guid":{"rendered":"http:\/\/www.waveproducciones.com\/wordpress\/?page_id=65"},"modified":"2025-02-04T23:00:16","modified_gmt":"2025-02-04T23:00:16","slug":"acerca-de","status":"publish","type":"page","link":"https:\/\/waveproducciones.com\/","title":{"rendered":"Acerca de"},"content":{"rendered":"<h1>&nbsp;Que es Wave Producciones?<\/h1>\n<p>&nbsp;<strong>Wave Producciones<\/strong> es una empresa joven de capital netamente encarnaceno, avocado a brindar el mejor y mas r\u00e1pido servicio y soporte t\u00e9cnico en el \u00e1mbito empresarial y profesional relacionado con la inform\u00e1tica y la tecnolog\u00eda.<\/p>\n<p>Con mas de 20 a\u00f1os de existencia y una clientela establecida y satisfecha, por ello es nuestro prop\u00f3sito, el expandir nuestro mercado hacia las dem\u00e1s empresas para brindarles soluciones r\u00e1pidas con el fin de agilizar y abaratar el funcionamiento operativo de su empresa u oficina, obteniendo as\u00ed mas rendimiento y productividad.<\/p>\n<p>Nuestra misi\u00f3n es crecer como empresa solida, capaz de proveer a toda clase de cliente, ya sea particulares o empresariales, de toda la Regi\u00f3n Sur del Paraguay, logrando as\u00ed nuestra meta de ser el proveedor indiscutible, incuestionable y favorito hasta llegar a ser lideres en el mercado.<\/p>\n<p>Siendo tambi\u00e9n nuestra misi\u00f3n la de ofrecer servicios garantizados, que sobrepasen las expectativas del consumidor, buscando la perfecci\u00f3n y adaptaci\u00f3n seg\u00fan las necesidades del cliente, con servicios r\u00e1pidos, eficaces y sobre todo con la responsabilidad y honestidad que caracteriza a nuestra empresa.<\/p>\n","protected":false},"excerpt":{"rendered":"<p>&nbsp;Que es Wave Producciones? &nbsp;Wave Producciones es una empresa joven de capital netamente encarnaceno, avocado a brindar el mejor y mas r\u00e1pido servicio y soporte t\u00e9cnico en el \u00e1mbito empresarial y profesional relacionado con la inform\u00e1tica y la tecnolog\u00eda. Con [&hellip;]<\/p>\n","protected":false},"author":1,"featured_media":0,"parent":0,"menu_order":3,"comment_status":"closed","ping_status":"closed","template":"","meta":{"ngg_post_thumbnail":0,"footnotes":""},"class_list":["post-65","page","type-page","status-publish","hentry","clearfix"],"_links":{"self":[{"href":"https:\/\/waveproducciones.com\/index.php?rest_route=\/wp\/v2\/pages\/65","targetHints":{"allow":["GET"]}}],"collection":[{"href":"https:\/\/waveproducciones.com\/index.php?rest_route=\/wp\/v2\/pages"}],"about":[{"href":"https:\/\/waveproducciones.com\/index.php?rest_route=\/wp\/v2\/types\/page"}],"author":[{"embeddable":true,"href":"https:\/\/waveproducciones.com\/index.php?rest_route=\/wp\/v2\/users\/1"}],"replies":[{"embeddable":true,"href":"https:\/\/waveproducciones.com\/index.php?rest_route=%2Fwp%2Fv2%2Fcomments&post=65"}],"version-history":[{"count":8,"href":"https:\/\/waveproducciones.com\/index.php?rest_route=\/wp\/v2\/pages\/65\/revisions"}],"predecessor-version":[{"id":287,"href":"https:\/\/waveproducciones.com\/index.php?rest_route=\/wp\/v2\/pages\/65\/revisions\/287"}],"wp:attachment":[{"href":"https:\/\/waveproducciones.com\/index.php?rest_route=%2Fwp%2Fv2%2Fmedia&parent=65"}],"curies":[{"name":"wp","href":"https:\/\/api.w.org\/{rel}","templated":true}]}}